{"id":3373,"date":"2018-04-04T15:10:56","date_gmt":"2018-04-04T15:10:56","guid":{"rendered":"https:\/\/borderbee.com\/?page_id=3373\/"},"modified":"2018-04-04T15:17:45","modified_gmt":"2018-04-04T15:17:45","slug":"entente","status":"publish","type":"page","link":"https:\/\/borderbee.com\/fr\/entente\/","title":{"rendered":"entente"},"content":{"rendered":"<p>s&rsquo;il vous pla\u00eet suivez les instructions pour compl\u00e9ter le d\u00e9douanement<\/p>\n","protected":false},"excerpt":{"rendered":"<p>s&rsquo;il vous pla\u00eet suivez les instructions pour compl\u00e9ter le d\u00e9douanement<\/p>\n","protected":false},"author":9,"featured_media":0,"parent":0,"menu_order":0,"comment_status":"closed","ping_status":"closed","template":"","meta":{"om_disable_all_campaigns":false,"_monsterinsights_skip_tracking":false,"_monsterinsights_sitenote_active":false,"_monsterinsights_sitenote_note":"","_monsterinsights_sitenote_category":0},"aioseo_notices":[],"yoast_head":"<!-- This site is optimized with the Yoast SEO plugin v16.4 - https:\/\/yoast.com\/wordpress\/plugins\/seo\/ -->\n<meta name=\"robots\" content=\"index, follow, max-snippet:-1, max-image-preview:large, max-video-preview:-1\" \/>\n<link rel=\"canonical\" href=\"https:\/\/borderbee.com\/fr\/entente\/\" \/>\n<meta property=\"og:locale\" content=\"fr_FR\" \/>\n<meta property=\"og:type\" content=\"article\" \/>\n<meta property=\"og:title\" content=\"entente | Border Bee\" \/>\n<meta property=\"og:description\" content=\"s&rsquo;il vous pla\u00eet suivez les instructions pour compl\u00e9ter le d\u00e9douanement\" \/>\n<meta property=\"og:url\" content=\"https:\/\/borderbee.com\/fr\/entente\/\" \/>\n<meta property=\"og:site_name\" content=\"Border Bee\" \/>\n<meta property=\"article:modified_time\" content=\"2018-04-04T15:17:45+00:00\" \/>\n<meta name=\"twitter:card\" content=\"summary\" \/>\n<script type=\"application\/ld+json\" class=\"yoast-schema-graph\">{\"@context\":\"https:\/\/schema.org\",\"@graph\":[{\"@type\":\"Organization\",\"@id\":\"https:\/\/borderbee.com\/#organization\",\"name\":\"BORDER BEE CUSTOMS BROKERS\",\"url\":\"https:\/\/borderbee.com\/\",\"sameAs\":[\"https:\/\/www.youtube.com\/channel\/UCkYH4hzGMzdsR4D-m7hARhA\"],\"logo\":{\"@type\":\"ImageObject\",\"@id\":\"https:\/\/borderbee.com\/#logo\",\"inLanguage\":\"fr-FR\",\"url\":\"https:\/\/borderbee.com\/wp-content\/uploads\/2016\/01\/BorderBee1.png\",\"contentUrl\":\"https:\/\/borderbee.com\/wp-content\/uploads\/2016\/01\/BorderBee1.png\",\"width\":925,\"height\":1064,\"caption\":\"BORDER BEE CUSTOMS BROKERS\"},\"image\":{\"@id\":\"https:\/\/borderbee.com\/#logo\"}},{\"@type\":\"WebSite\",\"@id\":\"https:\/\/borderbee.com\/#website\",\"url\":\"https:\/\/borderbee.com\/\",\"name\":\"Border Bee\",\"description\":\"Easy Customs Clearance\",\"publisher\":{\"@id\":\"https:\/\/borderbee.com\/#organization\"},\"potentialAction\":[{\"@type\":\"SearchAction\",\"target\":\"https:\/\/borderbee.com\/?s={search_term_string}\",\"query-input\":\"required name=search_term_string\"}],\"inLanguage\":\"fr-FR\"},{\"@type\":\"WebPage\",\"@id\":\"https:\/\/borderbee.com\/fr\/entente\/#webpage\",\"url\":\"https:\/\/borderbee.com\/fr\/entente\/\",\"name\":\"entente | Border Bee\",\"isPartOf\":{\"@id\":\"https:\/\/borderbee.com\/#website\"},\"datePublished\":\"2018-04-04T15:10:56+00:00\",\"dateModified\":\"2018-04-04T15:17:45+00:00\",\"breadcrumb\":{\"@id\":\"https:\/\/borderbee.com\/fr\/entente\/#breadcrumb\"},\"inLanguage\":\"fr-FR\",\"potentialAction\":[{\"@type\":\"ReadAction\",\"target\":[\"https:\/\/borderbee.com\/fr\/entente\/\"]}]},{\"@type\":\"BreadcrumbList\",\"@id\":\"https:\/\/borderbee.com\/fr\/entente\/#breadcrumb\",\"itemListElement\":[{\"@type\":\"ListItem\",\"position\":1,\"item\":{\"@type\":\"WebPage\",\"@id\":\"https:\/\/borderbee.com\/fr\/\",\"url\":\"https:\/\/borderbee.com\/fr\/\",\"name\":\"Home\"}},{\"@type\":\"ListItem\",\"position\":2,\"item\":{\"@id\":\"https:\/\/borderbee.com\/fr\/entente\/#webpage\"}}]}]}<\/script>\n<!-- \/ Yoast SEO plugin. -->","_links":{"self":[{"href":"https:\/\/borderbee.com\/fr\/wp-json\/wp\/v2\/pages\/3373"}],"collection":[{"href":"https:\/\/borderbee.com\/fr\/wp-json\/wp\/v2\/pages"}],"about":[{"href":"https:\/\/borderbee.com\/fr\/wp-json\/wp\/v2\/types\/page"}],"author":[{"embeddable":true,"href":"https:\/\/borderbee.com\/fr\/wp-json\/wp\/v2\/users\/9"}],"replies":[{"embeddable":true,"href":"https:\/\/borderbee.com\/fr\/wp-json\/wp\/v2\/comments?post=3373"}],"version-history":[{"count":2,"href":"https:\/\/borderbee.com\/fr\/wp-json\/wp\/v2\/pages\/3373\/revisions"}],"predecessor-version":[{"id":3375,"href":"https:\/\/borderbee.com\/fr\/wp-json\/wp\/v2\/pages\/3373\/revisions\/3375"}],"wp:attachment":[{"href":"https:\/\/borderbee.com\/fr\/wp-json\/wp\/v2\/media?parent=3373"}],"curies":[{"name":"wp","href":"https:\/\/api.w.org\/{rel}","templated":true}]}}