{"id":2662,"date":"2017-01-13T13:35:13","date_gmt":"2017-01-13T13:35:13","guid":{"rendered":"https:\/\/borderbee.com\/fr\/?page_id=2662"},"modified":"2017-01-13T14:58:21","modified_gmt":"2017-01-13T14:58:21","slug":"application-pour-ne-de-douanes","status":"publish","type":"page","link":"https:\/\/borderbee.com\/fr\/application-pour-ne-de-douanes\/","title":{"rendered":"Demande pour NE de douanes"},"content":{"rendered":"<h4>Un num\u00e9ro d&rsquo;importateur &#8212; issue par le gouvernement f\u00e9d\u00e9ral &#8212; est n\u00e9cessaire pour toutes importations commerciales au Canada.<\/h4>\n","protected":false},"excerpt":{"rendered":"<p>Un num\u00e9ro d&rsquo;importateur &#8212; issue par le gouvernement f\u00e9d\u00e9ral &#8212; est n\u00e9cessaire pour toutes importations commerciales au Canada.<\/p>\n","protected":false},"author":9,"featured_media":0,"parent":0,"menu_order":0,"comment_status":"closed","ping_status":"closed","template":"","meta":{"om_disable_all_campaigns":false,"_monsterinsights_skip_tracking":false,"_monsterinsights_sitenote_active":false,"_monsterinsights_sitenote_note":"","_monsterinsights_sitenote_category":0},"aioseo_notices":[],"yoast_head":"<!-- This site is optimized with the Yoast SEO plugin v16.4 - https:\/\/yoast.com\/wordpress\/plugins\/seo\/ -->\n<meta name=\"robots\" content=\"index, follow, max-snippet:-1, max-image-preview:large, max-video-preview:-1\" \/>\n<link rel=\"canonical\" href=\"https:\/\/borderbee.com\/fr\/application-pour-ne-de-douanes\/\" \/>\n<meta property=\"og:locale\" content=\"fr_FR\" \/>\n<meta property=\"og:type\" content=\"article\" \/>\n<meta property=\"og:title\" content=\"Demande pour NE de douanes | Border Bee\" \/>\n<meta property=\"og:description\" content=\"Un num\u00e9ro d&rsquo;importateur &#8212; issue par le gouvernement f\u00e9d\u00e9ral &#8212; est n\u00e9cessaire pour toutes importations commerciales au Canada.\" \/>\n<meta property=\"og:url\" content=\"https:\/\/borderbee.com\/fr\/application-pour-ne-de-douanes\/\" \/>\n<meta property=\"og:site_name\" content=\"Border Bee\" \/>\n<meta property=\"article:modified_time\" content=\"2017-01-13T14:58:21+00:00\" \/>\n<meta name=\"twitter:card\" content=\"summary\" \/>\n<script type=\"application\/ld+json\" class=\"yoast-schema-graph\">{\"@context\":\"https:\/\/schema.org\",\"@graph\":[{\"@type\":\"Organization\",\"@id\":\"https:\/\/borderbee.com\/#organization\",\"name\":\"BORDER BEE CUSTOMS BROKERS\",\"url\":\"https:\/\/borderbee.com\/\",\"sameAs\":[\"https:\/\/www.youtube.com\/channel\/UCkYH4hzGMzdsR4D-m7hARhA\"],\"logo\":{\"@type\":\"ImageObject\",\"@id\":\"https:\/\/borderbee.com\/#logo\",\"inLanguage\":\"fr-FR\",\"url\":\"https:\/\/borderbee.com\/wp-content\/uploads\/2016\/01\/BorderBee1.png\",\"contentUrl\":\"https:\/\/borderbee.com\/wp-content\/uploads\/2016\/01\/BorderBee1.png\",\"width\":925,\"height\":1064,\"caption\":\"BORDER BEE CUSTOMS BROKERS\"},\"image\":{\"@id\":\"https:\/\/borderbee.com\/#logo\"}},{\"@type\":\"WebSite\",\"@id\":\"https:\/\/borderbee.com\/#website\",\"url\":\"https:\/\/borderbee.com\/\",\"name\":\"Border Bee\",\"description\":\"Easy Customs Clearance\",\"publisher\":{\"@id\":\"https:\/\/borderbee.com\/#organization\"},\"potentialAction\":[{\"@type\":\"SearchAction\",\"target\":\"https:\/\/borderbee.com\/?s={search_term_string}\",\"query-input\":\"required name=search_term_string\"}],\"inLanguage\":\"fr-FR\"},{\"@type\":\"WebPage\",\"@id\":\"https:\/\/borderbee.com\/fr\/application-pour-ne-de-douanes\/#webpage\",\"url\":\"https:\/\/borderbee.com\/fr\/application-pour-ne-de-douanes\/\",\"name\":\"Demande pour NE de douanes | Border Bee\",\"isPartOf\":{\"@id\":\"https:\/\/borderbee.com\/#website\"},\"datePublished\":\"2017-01-13T13:35:13+00:00\",\"dateModified\":\"2017-01-13T14:58:21+00:00\",\"breadcrumb\":{\"@id\":\"https:\/\/borderbee.com\/fr\/application-pour-ne-de-douanes\/#breadcrumb\"},\"inLanguage\":\"fr-FR\",\"potentialAction\":[{\"@type\":\"ReadAction\",\"target\":[\"https:\/\/borderbee.com\/fr\/application-pour-ne-de-douanes\/\"]}]},{\"@type\":\"BreadcrumbList\",\"@id\":\"https:\/\/borderbee.com\/fr\/application-pour-ne-de-douanes\/#breadcrumb\",\"itemListElement\":[{\"@type\":\"ListItem\",\"position\":1,\"item\":{\"@type\":\"WebPage\",\"@id\":\"https:\/\/borderbee.com\/fr\/\",\"url\":\"https:\/\/borderbee.com\/fr\/\",\"name\":\"Home\"}},{\"@type\":\"ListItem\",\"position\":2,\"item\":{\"@id\":\"https:\/\/borderbee.com\/fr\/application-pour-ne-de-douanes\/#webpage\"}}]}]}<\/script>\n<!-- \/ Yoast SEO plugin. -->","_links":{"self":[{"href":"https:\/\/borderbee.com\/fr\/wp-json\/wp\/v2\/pages\/2662"}],"collection":[{"href":"https:\/\/borderbee.com\/fr\/wp-json\/wp\/v2\/pages"}],"about":[{"href":"https:\/\/borderbee.com\/fr\/wp-json\/wp\/v2\/types\/page"}],"author":[{"embeddable":true,"href":"https:\/\/borderbee.com\/fr\/wp-json\/wp\/v2\/users\/9"}],"replies":[{"embeddable":true,"href":"https:\/\/borderbee.com\/fr\/wp-json\/wp\/v2\/comments?post=2662"}],"version-history":[{"count":6,"href":"https:\/\/borderbee.com\/fr\/wp-json\/wp\/v2\/pages\/2662\/revisions"}],"predecessor-version":[{"id":2668,"href":"https:\/\/borderbee.com\/fr\/wp-json\/wp\/v2\/pages\/2662\/revisions\/2668"}],"wp:attachment":[{"href":"https:\/\/borderbee.com\/fr\/wp-json\/wp\/v2\/media?parent=2662"}],"curies":[{"name":"wp","href":"https:\/\/api.w.org\/{rel}","templated":true}]}}